{"id":4969,"date":"2025-02-25T09:45:09","date_gmt":"2025-02-25T09:45:09","guid":{"rendered":"https:\/\/verso.de\/?page_id=4969"},"modified":"2026-05-06T11:54:05","modified_gmt":"2026-05-06T11:54:05","slug":"esg-webinare","status":"publish","type":"page","link":"https:\/\/verso.de\/en\/esg-webinare\/","title":{"rendered":"Webinare"},"content":{"rendered":"<!--Start Small Stage -->\n\t\t<section class=\"snk-stage snk-stage_small snk-section\" >\n\t\t\t<div class=\"container\">\n\t\t\t\t<div class=\"row\">\n\t\t\t\t\t<div class=\"col-12\">\n\t\t\t\t\t\t<div class=\"snk-stage-copy\">\n\t\t\t\t\t\t\t\t\t\t\t\t\t\t\t<div class=\"snk-roofline\">Von ESG-Compliance bis zur Nachhaltigen Transformation \u2013 live und aus der Praxis<\/div>\n\t\t\t\t\t\t\t\n\t\t\t\t\t\t\t\t\t\t\t\t\t\t\t<h1 class=\"snk-h1\">ESG-Webinare<\/h1>\n\t\t\t\t\t\t\t\n\t\t\t\t\t\t\t\t\t\t\t\t\t\t\t<p class=\"snk-stage-description\">Bleiben Sie auf dem neuesten Stand zu ESG-Regularien wie CSRD, EUDR sowie CBAM und erfahren Sie, wie Unternehmen Nachhaltigkeit strategisch nutzen k\u00f6nnen. Unsere EGS-Webinare bieten praxisnahe Einblicke, zeigen die neuesten regulatorischen Entwicklungen und geben Ihnen konkrete L\u00f6sungsans\u00e4tze f\u00fcr Ihr Nachhaltigkeitsmanagement.<\/p>\n\t\t\t\t\t\t\t\t\t\t\t\t\t\t\n\t\t\t\t\t\t\t\t\t\t\t\t\t<\/div>\n\t\t\t\t\t<\/div>\n\t\t\t\t<\/div>\n\t\t\t<\/div>\n\t\t<\/section>\n\t\t\n\n\n<section class=\"snk-textMedia snk-textMedia_right snk-section \">\n\t<div class=\"container\">\n\t\t<div class=\"row snk-textMedia-inner\">\n\n\t\t\t<div class=\"col-12 col-md snk-textMedia-text-wrap\">\n\t\t\t\t<div class=\"snk-textMedia-text\">\n\t\t\t\t\t\t\t\t\t<p class=\"snk-roofline\">\n\t\t\t\t\t\t20.05.2026\t\t\t\t\t<\/p>\n\t\t\t\t\n\t\t\t\t\t\t\t\t\t<h2>\n\t\t\t\t\t\tPPWR umsetzen: Compliance bis zur Frist sichern\t\t\t\t\t<\/h2>\n\t\t\t\t\n\t\t\t\t\t\t\t\t\t<p>Mit den ver\u00f6ffentlichten FAQs und Guidances zur PPWR sind Anforderungen, Fristen und der konkrete Umsetzungsrahmen klarer geworden. F\u00fcr Unternehmen geht es jetzt darum, die neue Regulatorik in konkrete To-dos zu \u00fcbersetzen und die verbleibende Zeit bis zur ersten Frist gezielt zu nutzen \u2013 insbesondere bei der strukturierten Erfassung von Verpackungsdaten und dem Umgang mit Dokumentationspflichten.<\/p>\n<p>In diesem Webinar zeigen wir, welche Schritte nun im Fokus stehen und wie sich die PPWR strukturiert angehen l\u00e4sst. Im Mittelpunkt stehen die zentralen Aufgaben bis zum 12.08.2026 sowie die Frage, wie sich Verpackungsdaten, Dokumentation und Compliance-Anforderungen effizient und unterst\u00fctzt durch eine integrierte Softwarel\u00f6sung abbilden lassen.<\/p>\n<p><strong>Die Themen:<\/strong><\/p>\n<ul>\n<li>Einordnung der aktuellen FAQs und Guidances zur PPWR<\/li>\n<li>Zentrale To-dos bis zur ersten Frist am 12.08.2026<\/li>\n<li>Wie sich PPWR-Compliance mit der VERSO End-to-End-L\u00f6sung strukturiert umsetzen l\u00e4sst<\/li>\n<\/ul>\n\t\t\t\t\n\t\t\t\t\t\t\t\t\t<div class=\"snk-buttons snk-buttons_tinyGap\">\n\t\t\t\t\t\t\t\t\t\t\t\t\t<a class=\"snk-btn-secondary\" href=\"https:\/\/content.verso.de\/webinar-ppwr-umsetzen\"  target=\"_blank\">\n\t\t\t\t\t\t\t\t<svg width=\"24\" height=\"24\" viewBox=\"0 0 24 24\" fill=\"currentColor\" xmlns=\"http:\/\/www.w3.org\/2000\/svg\"><path d=\"M17.3423 12.5673H5.0673C4.90208 12.5673 4.76623 12.5141 4.65975 12.4076C4.55325 12.301 4.5 12.1651 4.5 11.9999C4.5 11.8346 4.55325 11.6988 4.65975 11.5924C4.76623 11.486 4.90208 11.4327 5.0673 11.4327H17.3423L11.6 5.70004C11.4949 5.58734 11.4391 5.45533 11.4327 5.30399C11.4263 5.15266 11.482 5.01941 11.6 4.90425C11.7179 4.78351 11.8513 4.72314 12 4.72314C12.1487 4.72314 12.282 4.78212 12.4 4.90007L18.9963 11.4964C19.0718 11.5719 19.1278 11.6502 19.1644 11.7311C19.2009 11.8121 19.2192 11.9022 19.2192 12.0013C19.2192 12.1005 19.2009 12.1901 19.1644 12.2702C19.1278 12.3504 19.0718 12.4282 18.9963 12.5037L12.4 19.1C12.2884 19.2116 12.1573 19.2689 12.0067 19.2721C11.8561 19.2753 11.7205 19.218 11.6 19.1C11.482 18.9795 11.4231 18.8455 11.4231 18.6981C11.4231 18.5507 11.482 18.4212 11.6 18.3096L17.3423 12.5673Z\" \/><\/svg>\n\t\t\t\t\t\t\t\t<span>Zum Webinar anmelden<\/span>\n\t\t\t\t\t\t\t<\/a>\n\t\t\t\t\t\t\t\t\t\t\t\t\t\t\t\t\t\t<\/div>\n\t\t\t\t\n\t\t\t\t<\/div>\n\t\t\t<\/div>\n\n\t\t\t<div class=\"col-12 col-md snk-textMedia-media\">\n\t\t\t\t<img decoding=\"async\" src=\"https:\/\/verso.de\/wp-content\/uploads\/2026\/04\/PPWR-Webinar.webp\" alt=\"Webinar: PPWR umsetzen: Compliance bis zur Frist sichern am 20.05.2026 mit\" title=\"PPWR Webinar\" class=\"snk-textMedia-img\" \/>\t\t\t<\/div>\n\t\t<\/div>\n\t<\/div>\n<\/section>\n\t\n\n\n\t<section class=\"snk-section snk-section_noBtn\">\n\t\t<div class=\"container\">\t\n\t\t\t\n\t\t\t<div class=\"snk-textBlock\">\n\t\t\t\t\n\t\t\t\t\t\t\t\t\t<h2 class=\"snk-section-headline\">Vergangene Webinare:<\/h2>\n\t\t\t\t\n\t\t\t\t\t\t\t\t\t<p>Entdecken Sie unsere vergangenen Webinare zu wichtigen ESG-Themen:<\/p>\n<ul>\n<li>Klimaziele definieren nach SBTi<\/li>\n<li>PPWR verstehen<\/li>\n<li>EUDR-Compliance<\/li>\n<li>PCF-Automatisierung<\/li>\n<li>Doppelte Wesentlichkeit<\/li>\n<li>CBAM-Compliance<\/li>\n<li>Sorgfaltspflichten in der Lieferkette<\/li>\n<li>CSRD<\/li>\n<li>Dekarbonisierung<\/li>\n<\/ul>\n\t\t\t\t\n\t\t\t\t\t\t\t<\/div>\n\t\t\t\n\t\t<\/div>\n\t<\/section>\n\n\t\n\n\n\t<section class=\"snk-section snk-section_noPadding\">\n\t\t\t\t\t\t\t<div class=\"snk-mediaSlider  splide\">\n\n\t\t\t\t<div class=\"splide__track\"><div class=\"splide__list\">\n\t\t\t\t\t<div class=\"snk-mediaSlider-slide splide__slide\">\n\t\t\t\t\t\t<div class=\"snk-mediaSlider-container container  splide__slide_container\">\n\n\t\t\t\t\t\t\t<img decoding=\"async\" class=\"snk-mediaSlider-img\" src=\"https:\/\/verso.de\/wp-content\/uploads\/2025\/02\/Wahlen-2.webp\" alt=\"Webinar zur Bundestagswahl und die Folgen f\u00fcr Nachhaltigkeit mit Yvonne Zwick, Andreas Maslo und Nuvia Maslo\" title=\"Wahlen (2)\" \/>\t\t\t\t\t\t<\/div>\n\t\t\t\t\t<\/div>\n\t\t\t\t\t\n\t\t\t\t\t<div class=\"snk-mediaSlider-slide splide__slide\">\n\t\t\t\t\t\t<div class=\"snk-mediaSlider-container container  splide__slide_container\">\n\n\t\t\t\t\t\t\t<img decoding=\"async\" class=\"snk-mediaSlider-img\" src=\"https:\/\/verso.de\/wp-content\/uploads\/2025\/02\/Regulatorik-2025.webp\" alt=\"Webinar ESG-Regulatorik 2025\" title=\"Regulatorik 2025\" \/>\t\t\t\t\t\t<\/div>\n\t\t\t\t\t<\/div>\n\t\t\t\t\t\n\t\t\t\t\t<div class=\"snk-mediaSlider-slide splide__slide\">\n\t\t\t\t\t\t<div class=\"snk-mediaSlider-container container  splide__slide_container\">\n\n\t\t\t\t\t\t\t<img decoding=\"async\" class=\"snk-mediaSlider-img\" src=\"https:\/\/verso.de\/wp-content\/uploads\/2025\/02\/ESG-2025.webp\" alt=\"Webinar ESG in 2025\" title=\"ESG 2025\" \/>\t\t\t\t\t\t<\/div>\n\t\t\t\t\t<\/div>\n\t\t\t\t\t\n\t\t\t\t\t<div class=\"snk-mediaSlider-slide splide__slide\">\n\t\t\t\t\t\t<div class=\"snk-mediaSlider-container container  splide__slide_container\">\n\n\t\t\t\t\t\t\t<img decoding=\"async\" class=\"snk-mediaSlider-img\" src=\"https:\/\/verso.de\/wp-content\/uploads\/2025\/02\/EUDR.webp\" alt=\"Webinar EUDR\" title=\"EUDR\" \/>\t\t\t\t\t\t<\/div>\n\t\t\t\t\t<\/div>\n\t\t\t\t\t\n\t\t\t\t\t<div class=\"snk-mediaSlider-slide splide__slide\">\n\t\t\t\t\t\t<div class=\"snk-mediaSlider-container container  splide__slide_container\">\n\n\t\t\t\t\t\t\t<img decoding=\"async\" class=\"snk-mediaSlider-img\" src=\"https:\/\/verso.de\/wp-content\/uploads\/2025\/02\/CBAM.webp\" alt=\"Webinar CBAM-Compliance\" title=\"CBAM\" \/>\t\t\t\t\t\t<\/div>\n\t\t\t\t\t<\/div>\n\t\t\t\t\t\n\t\t\t\t\t<div class=\"snk-mediaSlider-slide splide__slide\">\n\t\t\t\t\t\t<div class=\"snk-mediaSlider-container container  splide__slide_container\">\n\n\t\t\t\t\t\t\t<img decoding=\"async\" class=\"snk-mediaSlider-img\" src=\"https:\/\/verso.de\/wp-content\/uploads\/2025\/02\/Dekarbonisierung.webp\" alt=\"Webinar Dekarbonisierung\" title=\"Dekarbonisierung\" \/>\t\t\t\t\t\t<\/div>\n\t\t\t\t\t<\/div>\n\t\t\t\t\t\n\t\t\t\t\t<div class=\"snk-mediaSlider-slide splide__slide\">\n\t\t\t\t\t\t<div class=\"snk-mediaSlider-container container  splide__slide_container\">\n\n\t\t\t\t\t\t\t<img decoding=\"async\" class=\"snk-mediaSlider-img\" src=\"https:\/\/verso.de\/wp-content\/uploads\/2025\/02\/Supply-Chain-Due-Dilligence.webp\" alt=\"Webinar Due Dilligence Supply Chain\" title=\"Supply Chain Due Dilligence\" \/>\t\t\t\t\t\t<\/div>\n\t\t\t\t\t<\/div>\n\t\t\t\t\t\n\t\t\t\t\t<div class=\"snk-mediaSlider-slide splide__slide\">\n\t\t\t\t\t\t<div class=\"snk-mediaSlider-container container  splide__slide_container\">\n\n\t\t\t\t\t\t\t<img decoding=\"async\" class=\"snk-mediaSlider-img\" src=\"https:\/\/verso.de\/wp-content\/uploads\/2025\/02\/Lieferkette-Sorgfaltspflichten.webp\" alt=\"Webinar Lieferketten-Sorgfaltspflichten\" title=\"Lieferkette Sorgfaltspflichten\" \/>\t\t\t\t\t\t<\/div>\n\t\t\t\t\t<\/div>\n\t\t\t\t\t\n\t\t\t\t\t<div class=\"snk-mediaSlider-slide splide__slide\">\n\t\t\t\t\t\t<div class=\"snk-mediaSlider-container container  splide__slide_container\">\n\n\t\t\t\t\t\t\t<img decoding=\"async\" class=\"snk-mediaSlider-img\" src=\"https:\/\/verso.de\/wp-content\/uploads\/2025\/02\/ESRS-E1.webp\" alt=\"Webinar CSRD ESRS E1\" title=\"ESRS E1\" \/>\t\t\t\t\t\t<\/div>\n\t\t\t\t\t<\/div>\n\t\t\t\t\t<\/div><\/div>\n\t\t\t\t\t<!-- Add the prev \/ next arrows -->\n\t\t\t\t\t<div class=\"container\">\n\t\t\t\t\t\t<div class=\"snk-slider-controls snk-slider-controls_centered\">\n\t\t\t\t\t\t\t<div class=\"splide__arrows\">\n\t\t\t\t\t\t\t\t<button class=\"splide__arrow splide__arrow--prev\">\n\t\t\t\t\t\t\t\t\t<svg xmlns=\"http:\/\/www.w3.org\/2000\/svg\" width=\"42\" height=\"42\" viewBox=\"0 0 42 42\" fill=\"currentColor\"><path d=\"m23.49 20.973-8.494-8.511 1.427-1.427 9.921 9.938-9.921 9.921-1.427-1.427 8.494-8.494Z\"\/><\/svg>\t\t\t\t\t\t\t\t<\/button>\n\t\t\t\t\t\t\t\t<ul class=\"splide__pagination\"><\/ul>\n\t\t\t\t\t\t\t\t<button class=\"splide__arrow splide__arrow--next\">\n\t\t\t\t\t\t\t\t\t<svg xmlns=\"http:\/\/www.w3.org\/2000\/svg\" width=\"42\" height=\"42\" viewBox=\"0 0 42 42\" fill=\"currentColor\"><path d=\"m23.49 20.973-8.494-8.511 1.427-1.427 9.921 9.938-9.921 9.921-1.427-1.427 8.494-8.494Z\"\/><\/svg>\t\t\t\t\t\t\t\t<\/button>\n\t\t\t\t\t\t\t<\/div>\n\t\t\t\t\t\t<\/div>\n\t\t\t\t\t<\/div>\n\t\t\t\t\t\t<\/div>\n\t\t\t\t\t<\/section>\n\t\n\n\n\t<section class=\"snk-section snk-formComponent snk-bg_1 snk-formComponent_regular\">\n\t\t<div class=\"container\">\n\t\t\t<div class=\"row\">\n\t\t\t\t<div class=\"col-md-5\">\n\t\t\t\t\t<div class=\"snk-formComponent-text\">\n\t\t\t\t\t\t\t\t\t\t\t\t\t\t\t<h2 class=\"snk-h1\">Book a demo!<\/h2>\n\t\t\t\t\t\t\t\t\t\t\t\t\t\n\t\t\t\t\t\t\n\t\t\t\t\t\t\t\t\t\t\t\t\t<p>Register now to arrange a free demo appointment and get to know our solutions at first hand.<\/p>\n<ul>\n<li>Pragmatic all-in-one solution for ESG reporting, climate and supply chain management<\/li>\n<li>Individual advice from the VERSO experts<\/li>\n<li>Developed with expertise from 12+ years of sustainability management<\/li>\n<li>Trusted by 250+ customers<\/li>\n<\/ul>\n\t\t\t\t\t\t\n\t\t\t\t\t\t\t\t\t\t\t<\/div>\n\t\t\t\t<\/div>\n\n\t\t\t\t<div class=\" col-md-5 offset-md-1\">\n\t\t\t\t\t<div class=\"snk-formComponent-formWrapper\">\n\t\t\t\t\t\t\t\t\t\t\t\t\t<h4 class=\"snk-h4 snk-formComponent-title\">Get to know the software!<\/h4>\n\t\t\t\t\t\t\t\t\t\t\t\t<div class=\"hbspt-form js-hbspt-form\" data-formid=\"3246e4b9-ab33-42d3-a770-75d441510f00\" data-region=\"na1\" data-portalid=\"6394926\"><\/div>\t\t\t\t\t<\/div>\n\t\t\t\t<\/div>\n\t\t\t<\/div>\n\t\t<\/div>\n\t<\/section>\n\t","protected":false},"excerpt":{"rendered":"","protected":false},"author":7,"featured_media":0,"parent":0,"menu_order":0,"comment_status":"closed","ping_status":"closed","template":"","meta":{"_acf_changed":false,"content-type":"","inline_featured_image":false,"footnotes":""},"class_list":["post-4969","page","type-page","status-publish","hentry"],"acf":[],"yoast_head":"<!-- This site is optimized with the Yoast SEO Premium plugin v27.5 (Yoast SEO v27.5) - https:\/\/yoast.com\/product\/yoast-seo-premium-wordpress\/ -->\n<title>ESG-Webinare \u2013 VERSO<\/title>\n<meta name=\"description\" content=\"ESG-Webinare \u2013 EUDR, CSRD, CBAM \u2013 neueste regulatorischen Entwicklungen \u2013 L\u00f6sungsans\u00e4tze f\u00fcr Ihr Nachhaltigkeitsmanagement.\" \/>\n<meta name=\"robots\" content=\"index, follow, max-snippet:-1, max-image-preview:large, max-video-preview:-1\" \/>\n<link rel=\"canonical\" href=\"https:\/\/verso.de\/en\/esg-webinare\/\" \/>\n<meta property=\"og:locale\" content=\"en_US\" \/>\n<meta property=\"og:type\" content=\"article\" \/>\n<meta property=\"og:title\" content=\"Webinare\" \/>\n<meta property=\"og:description\" content=\"ESG-Webinare \u2013 EUDR, CSRD, CBAM \u2013 neueste regulatorischen Entwicklungen \u2013 L\u00f6sungsans\u00e4tze f\u00fcr Ihr Nachhaltigkeitsmanagement.\" \/>\n<meta property=\"og:url\" content=\"https:\/\/verso.de\/en\/esg-webinare\/\" \/>\n<meta property=\"og:site_name\" content=\"VERSO\" \/>\n<meta property=\"article:publisher\" content=\"https:\/\/www.facebook.com\/VersoGmbH\" \/>\n<meta property=\"article:modified_time\" content=\"2026-05-06T11:54:05+00:00\" \/>\n<meta name=\"twitter:card\" content=\"summary_large_image\" \/>\n<meta name=\"twitter:site\" content=\"@VersoGmbH\" \/>\n<meta name=\"twitter:label1\" content=\"Est. reading time\" \/>\n\t<meta name=\"twitter:data1\" content=\"4 minutes\" \/>\n<script type=\"application\/ld+json\" class=\"yoast-schema-graph\">{\"@context\":\"https:\\\/\\\/schema.org\",\"@graph\":[{\"@type\":\"WebPage\",\"@id\":\"https:\\\/\\\/verso.de\\\/en\\\/esg-webinare\\\/\",\"url\":\"https:\\\/\\\/verso.de\\\/en\\\/esg-webinare\\\/\",\"name\":\"ESG-Webinare \u2013 VERSO\",\"isPartOf\":{\"@id\":\"https:\\\/\\\/verso.de\\\/en\\\/#website\"},\"datePublished\":\"2025-02-25T09:45:09+00:00\",\"dateModified\":\"2026-05-06T11:54:05+00:00\",\"description\":\"ESG-Webinare \u2013 EUDR, CSRD, CBAM \u2013 neueste regulatorischen Entwicklungen \u2013 L\u00f6sungsans\u00e4tze f\u00fcr Ihr Nachhaltigkeitsmanagement.\",\"breadcrumb\":{\"@id\":\"https:\\\/\\\/verso.de\\\/en\\\/esg-webinare\\\/#breadcrumb\"},\"inLanguage\":\"en-US\",\"potentialAction\":[{\"@type\":\"ReadAction\",\"target\":[\"https:\\\/\\\/verso.de\\\/en\\\/esg-webinare\\\/\"]}]},{\"@type\":\"BreadcrumbList\",\"@id\":\"https:\\\/\\\/verso.de\\\/en\\\/esg-webinare\\\/#breadcrumb\",\"itemListElement\":[{\"@type\":\"ListItem\",\"position\":1,\"name\":\"Home\",\"item\":\"https:\\\/\\\/verso.de\\\/en\\\/\"},{\"@type\":\"ListItem\",\"position\":2,\"name\":\"Webinare\"}]},{\"@type\":\"WebSite\",\"@id\":\"https:\\\/\\\/verso.de\\\/en\\\/#website\",\"url\":\"https:\\\/\\\/verso.de\\\/en\\\/\",\"name\":\"VERSO\",\"description\":\"We guide you through Sustainability. ESG, Supply Chain &amp; Climate\",\"publisher\":{\"@id\":\"https:\\\/\\\/verso.de\\\/en\\\/#organization\"},\"potentialAction\":[{\"@type\":\"SearchAction\",\"target\":{\"@type\":\"EntryPoint\",\"urlTemplate\":\"https:\\\/\\\/verso.de\\\/en\\\/?s={search_term_string}\"},\"query-input\":{\"@type\":\"PropertyValueSpecification\",\"valueRequired\":true,\"valueName\":\"search_term_string\"}}],\"inLanguage\":\"en-US\"},{\"@type\":\"Organization\",\"@id\":\"https:\\\/\\\/verso.de\\\/en\\\/#organization\",\"name\":\"Verso\",\"alternateName\":\"VERSO GmbH\",\"url\":\"https:\\\/\\\/verso.de\\\/en\\\/\",\"logo\":{\"@type\":\"ImageObject\",\"inLanguage\":\"en-US\",\"@id\":\"https:\\\/\\\/verso.de\\\/en\\\/#\\\/schema\\\/logo\\\/image\\\/\",\"url\":\"https:\\\/\\\/verso.de\\\/wp-content\\\/uploads\\\/2023\\\/11\\\/verso-logo.svg\",\"contentUrl\":\"https:\\\/\\\/verso.de\\\/wp-content\\\/uploads\\\/2023\\\/11\\\/verso-logo.svg\",\"width\":172,\"height\":42,\"caption\":\"Verso\"},\"image\":{\"@id\":\"https:\\\/\\\/verso.de\\\/en\\\/#\\\/schema\\\/logo\\\/image\\\/\"},\"sameAs\":[\"https:\\\/\\\/www.facebook.com\\\/VersoGmbH\",\"https:\\\/\\\/x.com\\\/VersoGmbH\",\"https:\\\/\\\/www.linkedin.com\\\/company\\\/versogmbh\\\/?originalSubdomain=de\",\"https:\\\/\\\/www.youtube.com\\\/channel\\\/UC5dDxYuGCX4VzklbtqLV8SQ\",\"https:\\\/\\\/www.xing.com\\\/pages\\\/versogmbh\"],\"email\":\"kontakt@verso.de\",\"telephone\":\"+49 89 520 389 84\",\"legalName\":\"VERSO GmbH\"}]}<\/script>\n<!-- \/ Yoast SEO Premium plugin. -->","yoast_head_json":{"title":"ESG-Webinare \u2013 VERSO","description":"ESG-Webinare \u2013 EUDR, CSRD, CBAM \u2013 neueste regulatorischen Entwicklungen \u2013 L\u00f6sungsans\u00e4tze f\u00fcr Ihr Nachhaltigkeitsmanagement.","robots":{"index":"index","follow":"follow","max-snippet":"max-snippet:-1","max-image-preview":"max-image-preview:large","max-video-preview":"max-video-preview:-1"},"canonical":"https:\/\/verso.de\/en\/esg-webinare\/","og_locale":"en_US","og_type":"article","og_title":"Webinare","og_description":"ESG-Webinare \u2013 EUDR, CSRD, CBAM \u2013 neueste regulatorischen Entwicklungen \u2013 L\u00f6sungsans\u00e4tze f\u00fcr Ihr Nachhaltigkeitsmanagement.","og_url":"https:\/\/verso.de\/en\/esg-webinare\/","og_site_name":"VERSO","article_publisher":"https:\/\/www.facebook.com\/VersoGmbH","article_modified_time":"2026-05-06T11:54:05+00:00","twitter_card":"summary_large_image","twitter_site":"@VersoGmbH","twitter_misc":{"Est. reading time":"4 minutes"},"schema":{"@context":"https:\/\/schema.org","@graph":[{"@type":"WebPage","@id":"https:\/\/verso.de\/en\/esg-webinare\/","url":"https:\/\/verso.de\/en\/esg-webinare\/","name":"ESG-Webinare \u2013 VERSO","isPartOf":{"@id":"https:\/\/verso.de\/en\/#website"},"datePublished":"2025-02-25T09:45:09+00:00","dateModified":"2026-05-06T11:54:05+00:00","description":"ESG-Webinare \u2013 EUDR, CSRD, CBAM \u2013 neueste regulatorischen Entwicklungen \u2013 L\u00f6sungsans\u00e4tze f\u00fcr Ihr Nachhaltigkeitsmanagement.","breadcrumb":{"@id":"https:\/\/verso.de\/en\/esg-webinare\/#breadcrumb"},"inLanguage":"en-US","potentialAction":[{"@type":"ReadAction","target":["https:\/\/verso.de\/en\/esg-webinare\/"]}]},{"@type":"BreadcrumbList","@id":"https:\/\/verso.de\/en\/esg-webinare\/#breadcrumb","itemListElement":[{"@type":"ListItem","position":1,"name":"Home","item":"https:\/\/verso.de\/en\/"},{"@type":"ListItem","position":2,"name":"Webinare"}]},{"@type":"WebSite","@id":"https:\/\/verso.de\/en\/#website","url":"https:\/\/verso.de\/en\/","name":"VERSO","description":"We guide you through Sustainability. ESG, Supply Chain &amp; Climate","publisher":{"@id":"https:\/\/verso.de\/en\/#organization"},"potentialAction":[{"@type":"SearchAction","target":{"@type":"EntryPoint","urlTemplate":"https:\/\/verso.de\/en\/?s={search_term_string}"},"query-input":{"@type":"PropertyValueSpecification","valueRequired":true,"valueName":"search_term_string"}}],"inLanguage":"en-US"},{"@type":"Organization","@id":"https:\/\/verso.de\/en\/#organization","name":"Verso","alternateName":"VERSO GmbH","url":"https:\/\/verso.de\/en\/","logo":{"@type":"ImageObject","inLanguage":"en-US","@id":"https:\/\/verso.de\/en\/#\/schema\/logo\/image\/","url":"https:\/\/verso.de\/wp-content\/uploads\/2023\/11\/verso-logo.svg","contentUrl":"https:\/\/verso.de\/wp-content\/uploads\/2023\/11\/verso-logo.svg","width":172,"height":42,"caption":"Verso"},"image":{"@id":"https:\/\/verso.de\/en\/#\/schema\/logo\/image\/"},"sameAs":["https:\/\/www.facebook.com\/VersoGmbH","https:\/\/x.com\/VersoGmbH","https:\/\/www.linkedin.com\/company\/versogmbh\/?originalSubdomain=de","https:\/\/www.youtube.com\/channel\/UC5dDxYuGCX4VzklbtqLV8SQ","https:\/\/www.xing.com\/pages\/versogmbh"],"email":"kontakt@verso.de","telephone":"+49 89 520 389 84","legalName":"VERSO GmbH"}]}},"_links":{"self":[{"href":"https:\/\/verso.de\/en\/wp-json\/wp\/v2\/pages\/4969","targetHints":{"allow":["GET"]}}],"collection":[{"href":"https:\/\/verso.de\/en\/wp-json\/wp\/v2\/pages"}],"about":[{"href":"https:\/\/verso.de\/en\/wp-json\/wp\/v2\/types\/page"}],"author":[{"embeddable":true,"href":"https:\/\/verso.de\/en\/wp-json\/wp\/v2\/users\/7"}],"replies":[{"embeddable":true,"href":"https:\/\/verso.de\/en\/wp-json\/wp\/v2\/comments?post=4969"}],"version-history":[{"count":5,"href":"https:\/\/verso.de\/en\/wp-json\/wp\/v2\/pages\/4969\/revisions"}],"predecessor-version":[{"id":8368,"href":"https:\/\/verso.de\/en\/wp-json\/wp\/v2\/pages\/4969\/revisions\/8368"}],"wp:attachment":[{"href":"https:\/\/verso.de\/en\/wp-json\/wp\/v2\/media?parent=4969"}],"curies":[{"name":"wp","href":"https:\/\/api.w.org\/{rel}","templated":true}]}}